{"id":1574,"date":"2020-05-27T12:18:45","date_gmt":"2020-05-27T10:18:45","guid":{"rendered":"https:\/\/tasteandtravel.fr\/booking-tastetravel\/"},"modified":"2026-03-16T14:44:34","modified_gmt":"2026-03-16T13:44:34","slug":"booking-tastetravel","status":"publish","type":"page","link":"https:\/\/tasteandtravel.fr\/en\/booking-tastetravel\/","title":{"rendered":"Reservation | Guided Tour in Bordeaux"},"content":{"rendered":"\n<p><\/p>\n\n\n\n<p>Vous voulez r\u00e9server un s\u00e9jour ou une excursion \u00e0 Bordeaux avec nous? S\u00e9lectionnez parmi \u0412\u044b \u0445\u043e\u0442\u0438\u0442\u0435 \u0437\u0430\u043a\u0430\u0437\u0430\u0442\u044c \u0443 \u043d\u0430\u0441 \u0442\u0443\u0440, \u0438\u043b\u0438 \u044d\u043a\u0441\u043a\u0443\u0440\u0441\u0438\u044e \u0432 \u0411\u043e\u0440\u0434\u043e? \u0412\u044b\u0431\u0435\u0440\u0438\u0442\u0435 \u0441\u0440\u0435\u0434\u0438 \u043d\u0430\u0448\u0438\u0445 \u0442\u0443\u0440\u043e\u0432 \u0442\u0435, \u043a\u043e\u0442\u043e\u0440\u044b\u0435 \u0441\u043e\u0441\u0442\u0430\u0432\u044f\u0442 \u0432\u0430\u0448\u0443 \u043f\u043e\u0435\u0437\u0434\u043a\u0443 \u0432 \u0410\u043a\u0432\u0438\u0442\u0430\u043d\u0438\u044e. \u0418\u043b\u0438 \u043d\u0430\u043f\u0438\u0448\u0438\u0442\u0435 \u043d\u0430\u043c \u0441\u0432\u043e\u0438 \u043f\u043e\u0436\u0435\u043b\u0430\u043d\u0438\u044f, \u0438 \u043c\u044b \u043f\u0440\u0435\u0434\u043b\u043e\u0436\u0438\u043c \u0432\u0430\u043c \u0438\u043d\u0434\u0438\u0432\u0438\u0434\u0443\u0430\u043b\u044c\u043d\u0443\u044e \u043f\u0440\u043e\u0433\u0440\u0430\u043c\u043c\u0443.<\/p>\n","protected":false},"excerpt":{"rendered":"<p>Vous voulez r\u00e9server un s\u00e9jour ou une excursion \u00e0 Bordeaux avec nous? S\u00e9lectionnez parmi \u0412\u044b \u0445\u043e\u0442\u0438\u0442\u0435 \u0437\u0430\u043a\u0430\u0437\u0430\u0442\u044c \u0443 \u043d\u0430\u0441 \u0442\u0443\u0440, \u0438\u043b\u0438 \u044d\u043a\u0441\u043a\u0443\u0440\u0441\u0438\u044e \u0432 \u0411\u043e\u0440\u0434\u043e? \u0412\u044b\u0431\u0435\u0440\u0438\u0442\u0435 \u0441\u0440\u0435\u0434\u0438<span class=\"excerpt-hellip\"> [\u2026]<\/span><\/p>\n","protected":false},"author":1,"featured_media":616,"parent":0,"menu_order":0,"comment_status":"closed","ping_status":"closed","template":"","meta":{"footnotes":""},"class_list":["post-1574","page","type-page","status-publish","has-post-thumbnail","hentry"],"_links":{"self":[{"href":"https:\/\/tasteandtravel.fr\/en\/wp-json\/wp\/v2\/pages\/1574","targetHints":{"allow":["GET"]}}],"collection":[{"href":"https:\/\/tasteandtravel.fr\/en\/wp-json\/wp\/v2\/pages"}],"about":[{"href":"https:\/\/tasteandtravel.fr\/en\/wp-json\/wp\/v2\/types\/page"}],"author":[{"embeddable":true,"href":"https:\/\/tasteandtravel.fr\/en\/wp-json\/wp\/v2\/users\/1"}],"replies":[{"embeddable":true,"href":"https:\/\/tasteandtravel.fr\/en\/wp-json\/wp\/v2\/comments?post=1574"}],"version-history":[{"count":4,"href":"https:\/\/tasteandtravel.fr\/en\/wp-json\/wp\/v2\/pages\/1574\/revisions"}],"predecessor-version":[{"id":4838,"href":"https:\/\/tasteandtravel.fr\/en\/wp-json\/wp\/v2\/pages\/1574\/revisions\/4838"}],"wp:featuredmedia":[{"embeddable":true,"href":"https:\/\/tasteandtravel.fr\/en\/wp-json\/wp\/v2\/media\/616"}],"wp:attachment":[{"href":"https:\/\/tasteandtravel.fr\/en\/wp-json\/wp\/v2\/media?parent=1574"}],"curies":[{"name":"wp","href":"https:\/\/api.w.org\/{rel}","templated":true}]}}