{"id":1791,"date":"2020-02-17T14:49:20","date_gmt":"2020-02-17T13:49:20","guid":{"rendered":"https:\/\/tasteandtravel.fr\/sejours-fr\/"},"modified":"2026-03-26T14:36:30","modified_gmt":"2026-03-26T13:36:30","slug":"tours-travels-france","status":"publish","type":"page","link":"https:\/\/tasteandtravel.fr\/en\/tours-travels-france\/","title":{"rendered":"Tours"},"content":{"rendered":"\n<h3 class=\"wp-block-heading\" id=\"h-circuits-prives-bordeaux\">Circuits Priv\u00e9s Bordeaux<\/h3>\n\n\n\n<h4 class=\"wp-block-heading\" id=\"h-nous-vous-invitons-a-rencontrer-la-belle-dame-du-sud-de-la-france-la-province-d-aquitaine\">Nous vous invitons \u00e0 rencontrer la Belle Dame du Sud de la France \u2013 la province d\u2019Aquitaine !<\/h4>\n\n\n\n<h4 class=\"wp-block-heading\" id=\"h-des-sejours-uniques-et-exclusifs-a-bordeaux-et-en-aquitaine-avec-les-guides-de-taste-amp-travel-faites-connaissance-avec-l-autre-france-celle-sans-paris-et-la-tour-eiffel\">Des s\u00e9jours uniques et exclusifs \u00e0 Bordeaux et en Aquitaine avec les guides de Taste&amp;Travel. Faites connaissance avec &#8220;l&#8217;autre&#8221; France &#8211; celle sans Paris et la Tour Eiffel :<\/h4>\n\n\n\n<ul class=\"wp-block-list\">\n<li>sur le rivage de l&#8217;oc\u00e9an Atlantique,<\/li>\n\n\n\n<li>sous les toits de tuiles rouges,<\/li>\n\n\n\n<li>avec des vins et des fromages divins, du cognac et des hu\u00eetres,<\/li>\n\n\n\n<li>des ch\u00e2teaux m\u00e9di\u00e9vaux,<\/li>\n\n\n\n<li>et des paysages pittoresques aussi beaux que ceux de la Toscane,<\/li>\n\n\n\n<li>sans foule de touristes.<\/li>\n<\/ul>\n\n\n\n<h3 class=\"wp-block-heading\" id=\"h-pourquoi-choisir-un-sejour-a-bordeaux\">Pourquoi choisir un s\u00e9jour \u00e0 Bordeaux<\/h3>\n\n\n\n<p>Voulez-vous faire connaissance avec les monuments <strong>les<\/strong> <strong>plus int\u00e9ressants \u00e0 Bordeaux<\/strong>? Visiter les meilleurs ch\u00e2teaux du M\u00e9doc, faire un <a href=\"https:\/\/tasteandtravel.fr\/sejours\/saint-emilion-fr\/\"><strong>tour \u0153nologique<\/strong> \u00e0 Saint-Emilion<\/a> ? Chasser les<strong> <\/strong>truffes dans les for\u00eats fran\u00e7aises ? Alors faites appel \u00e0 Taste &amp; Travel pour votre tour priv\u00e9 \u00e0 Bordeaux. Vous allez pouvoir:<\/p>\n\n\n\n<ul class=\"wp-block-list\">\n<li>Voir de vos propres yeux la ville, \u00e0 laquelle Paris de l\u2019\u00e9poque du baron Haussmann doit sa transformation.<\/li>\n\n\n\n<li>Admirer la plus belle ville de France o\u00f9 de majestueux ch\u00e2teaux c\u00f4toient des cath\u00e9drales anciennes.<\/li>\n\n\n\n<li>Avec avant-go\u00fbt des d\u00e9lices gastronomiques et des paysages marins de carte postale, nous serons heureux de vous accompagner \u00e0 Arcachon.<\/li>\n\n\n\n<li>Visiter les caves secr\u00e8tes de Cognac et d\u00e9guster la d\u00e9licieuse cuisine locale lors de notre tour priv\u00e9 Bordeaux exclusif.<\/li>\n\n\n\n<li>Vous rendre \u00e0 la c\u00e9l\u00e8bre patrie de D&#8217;Artagnan &#8211; Gascogne. Et d\u00e9guster de l\u00e9gendaires Armagnacs, dont l&#8217;histoire remonte \u00e0 700 ans.<\/li>\n\n\n\n<li>Admirer les motifs exquis de la porcelaine de Limoges.<\/li>\n\n\n\n<li>Savourez la culture et les paysages du Pays Basque, s\u00e9par\u00e9 de l&#8217;Espagne par la volont\u00e9 du destin. Il va vous raconter ses mythes et l\u00e9gendes et vous offrir des chefs-d&#8217;\u0153uvre de la cuisine traditionnelle.<\/li>\n<\/ul>\n\n\n\n<p>Si vous voulez d\u00e9couvrir la &#8220;vraie&#8221; France, vous \u00eates au bon endroit! Nous serons \u00e0 votre service pour vous informer, vous aider et vous accueillir. Surtout, nous allons vous offrir une exp\u00e9rience inoubliable pour que vous vouliez retourner en Aquitaine encore. Soyez certains, vous n&#8217;allez manquer de rien \u00e0 Bordeaux !<\/p>\n\n\n\n<p>Demandez un devis pour circuits priv\u00e9s Bordeaux et savourez l&#8217;Aquitaine avec Taste&amp;Travel! <\/p>\n\n\n\n<p><a href=\"https:\/\/rtbtourismbordeaux.com\/fr\/\">Guide de Taste &amp; Travel Roman Tatarov<\/a><\/p>\n","protected":false},"excerpt":{"rendered":"<p>Circuits Priv\u00e9s Bordeaux Nous vous invitons \u00e0 rencontrer la Belle Dame du Sud de la France \u2013 la province d\u2019Aquitaine ! Des s\u00e9jours uniques et exclusifs<span class=\"excerpt-hellip\"> [\u2026]<\/span><\/p>\n","protected":false},"author":1,"featured_media":2250,"parent":0,"menu_order":0,"comment_status":"closed","ping_status":"closed","template":"","meta":{"footnotes":""},"class_list":["post-1791","page","type-page","status-publish","has-post-thumbnail","hentry"],"_links":{"self":[{"href":"https:\/\/tasteandtravel.fr\/en\/wp-json\/wp\/v2\/pages\/1791","targetHints":{"allow":["GET"]}}],"collection":[{"href":"https:\/\/tasteandtravel.fr\/en\/wp-json\/wp\/v2\/pages"}],"about":[{"href":"https:\/\/tasteandtravel.fr\/en\/wp-json\/wp\/v2\/types\/page"}],"author":[{"embeddable":true,"href":"https:\/\/tasteandtravel.fr\/en\/wp-json\/wp\/v2\/users\/1"}],"replies":[{"embeddable":true,"href":"https:\/\/tasteandtravel.fr\/en\/wp-json\/wp\/v2\/comments?post=1791"}],"version-history":[{"count":32,"href":"https:\/\/tasteandtravel.fr\/en\/wp-json\/wp\/v2\/pages\/1791\/revisions"}],"predecessor-version":[{"id":4906,"href":"https:\/\/tasteandtravel.fr\/en\/wp-json\/wp\/v2\/pages\/1791\/revisions\/4906"}],"wp:featuredmedia":[{"embeddable":true,"href":"https:\/\/tasteandtravel.fr\/en\/wp-json\/wp\/v2\/media\/2250"}],"wp:attachment":[{"href":"https:\/\/tasteandtravel.fr\/en\/wp-json\/wp\/v2\/media?parent=1791"}],"curies":[{"name":"wp","href":"https:\/\/api.w.org\/{rel}","templated":true}]}}